{"id":29255,"date":"2022-09-14T10:33:47","date_gmt":"2022-09-14T10:33:47","guid":{"rendered":"https:\/\/gepack.pt\/products\/boston-tall-1l\/"},"modified":"2026-01-12T15:06:32","modified_gmt":"2026-01-12T15:06:32","slug":"boston-tall-1l","status":"publish","type":"product","link":"https:\/\/gepack.pt\/de\/producten\/boston-tall-1l\/","title":{"rendered":"BOSTON TALL 1L"},"content":{"rendered":"<p>GEPACK BOSTON TALL 1L BOTTLE<\/p>\n<p>&nbsp;<\/p>\n<p>&nbsp;<\/p>\n<p>&nbsp;<\/p>\n<p>Wir bieten Beh\u00e4lter von 5 ml bis 12 l, mit Standard- oder Spezialh\u00e4lsen. Etikettierung, Siebdruck, Pr\u00e4gung, Tiefpr\u00e4gung, Montage \u2013 wir sind ein flexibler Partner in der Entwicklung und Produktion verantwortungsvoller PET-Verpackungen f\u00fcr Lebensmittel, Pharmazeutika, Kosmetik und Spirituosen.<\/p>\n<p>Die \u201eBOSTON\u201c ist ein Beispiel aus unserem Sortiment an Flaschen.<br \/>\nSie hat ein Fassungsverm\u00f6gen von 1 Liter.<br \/>\nSie kann nach verschiedenen Vorgaben gefertigt werden.<\/p>\n<p>&nbsp;<\/p>\n","protected":false},"excerpt":{"rendered":"<p>GEPACK BOSTON TALL 1L BOTTLE &nbsp; &nbsp; &nbsp; Wir bieten Beh\u00e4lter von 5 ml bis 12 l, mit Standard- oder Spezialh\u00e4lsen. Etikettierung, Siebdruck, Pr\u00e4gung, Tiefpr\u00e4gung, Montage \u2013 wir sind ein flexibler Partner in der Entwicklung und Produktion verantwortungsvoller PET-Verpackungen f\u00fcr Lebensmittel, Pharmazeutika, Kosmetik und Spirituosen. Die \u201eBOSTON\u201c ist ein Beispiel aus unserem Sortiment an Flaschen. [&hellip;]<\/p>\n","protected":false},"featured_media":36150,"template":"","meta":{"_jet_sm_ready_style":"","_jet_sm_style":"","_jet_sm_controls_values":"","_jet_sm_fonts_collection":"","_jet_sm_fonts_links":""},"product_brand":[],"product_cat":[1341],"product_tag":[4507,5211,2296,4500,4517],"class_list":{"0":"post-29255","1":"product","2":"type-product","3":"status-publish","4":"has-post-thumbnail","6":"product_cat-flasche","7":"product_tag-1l-de","8":"product_tag-boston-tall-1l","9":"product_tag-bottle-de","10":"product_tag-gepack-de","11":"product_tag-plastic-pet-de","12":"pa_neck-pp28-de","13":"pa_neck-width-mm-28-de","14":"pa_shape-rund","15":"pa_volume-1000-de","17":"first","18":"instock","19":"shipping-taxable","20":"product-type-simple"},"_links":{"self":[{"href":"https:\/\/gepack.pt\/de\/wp-json\/wp\/v2\/product\/29255","targetHints":{"allow":["GET"]}}],"collection":[{"href":"https:\/\/gepack.pt\/de\/wp-json\/wp\/v2\/product"}],"about":[{"href":"https:\/\/gepack.pt\/de\/wp-json\/wp\/v2\/types\/product"}],"wp:featuredmedia":[{"embeddable":true,"href":"https:\/\/gepack.pt\/de\/wp-json\/wp\/v2\/media\/36150"}],"wp:attachment":[{"href":"https:\/\/gepack.pt\/de\/wp-json\/wp\/v2\/media?parent=29255"}],"wp:term":[{"taxonomy":"product_brand","embeddable":true,"href":"https:\/\/gepack.pt\/de\/wp-json\/wp\/v2\/product_brand?post=29255"},{"taxonomy":"product_cat","embeddable":true,"href":"https:\/\/gepack.pt\/de\/wp-json\/wp\/v2\/product_cat?post=29255"},{"taxonomy":"product_tag","embeddable":true,"href":"https:\/\/gepack.pt\/de\/wp-json\/wp\/v2\/product_tag?post=29255"}],"curies":[{"name":"wp","href":"https:\/\/api.w.org\/{rel}","templated":true}]}}